{"id":21666,"date":"2019-08-24T14:41:35","date_gmt":"2019-08-24T14:41:35","guid":{"rendered":"http:\/\/34.67.11.62\/?page_id=21666"},"modified":"2019-11-29T09:45:39","modified_gmt":"2019-11-29T09:45:39","slug":"storia","status":"publish","type":"page","link":"https:\/\/fontetullia.it\/index.php\/storia\/","title":{"rendered":"Storia"},"content":{"rendered":"<p>[vc_row row_type=&#8221;row&#8221; use_row_as_full_screen_section=&#8221;no&#8221; type=&#8221;full_width&#8221; text_align=&#8221;left&#8221; background_animation=&#8221;none&#8221; css_animation=&#8221;&#8221; css=&#8221;.vc_custom_1566600584926{margin: 25px !important;}&#8221;][vc_column width=&#8221;1\/6&#8243;][\/vc_column][vc_column width=&#8221;4\/6&#8243;][vc_single_image image=&#8221;21669&#8243; img_size=&#8221;full&#8221; alignment=&#8221;center&#8221; qode_css_animation=&#8221;&#8221;][vc_empty_space height=&#8221;64&#8243;][vc_column_text]<\/p>\n<h1 style=\"text-align: center;\"><b>La nostra storia<\/b><\/h1>\n<p>[\/vc_column_text][vc_empty_space][vc_row_inner row_type=&#8221;row&#8221; type=&#8221;full_width&#8221; use_row_as_full_screen_section_slide=&#8221;no&#8221; text_align=&#8221;left&#8221; css_animation=&#8221;&#8221;][vc_column_inner width=&#8221;1\/2&#8243;][vc_column_text]Ogni bottiglia di acqua oligominerale FONTE TVLLIA racchiude la storia di una antica sorgente e racconta la passione della nostra famiglia che, da ormai tre generazioni, opera nel settore delle acque minerali. L\u2019acqua oligominerale FONTE TVLLIA scaturisce dalla viva roccia, in un ambiente incontaminato dell\u2019Appennino Umbro-Marchigiano, nel suggestivo parco claustrale di uno dei primi conventi dell&#8217;ordine dei frati Cappuccini. Le caratteristiche ed i pregi curativi della FONTE TVLLIA, anticamente denominata Acqua Premula si tramandano dal XVI secolo. Antiche testimonianze, parlano di appropriati impianti di sfruttamento delle acque per scopi terapeutici, in particolare per la cura della calcolosi, malattia chiamata premiti dalla popolazione locale. I registri dell\u2019antico Convento ci tramandano numerose notizie sull\u2019assidua frequentazione di questi luoghi da parte di chierici e laici per bagnature o per passare le acque. Migliore viatico per l&#8217;acqua FONTE TVLLIA non poteva esserci. Cos\u00ec, alla fine degli anni sessanta, la famiglia Tulli, con Alceste e i fratelli Lino e Angelo alla guida, accolse una nuova e ambiziosa sfida.[\/vc_column_text][\/vc_column_inner][vc_column_inner width=&#8221;1\/2&#8243;][vc_column_text]Appurata l&#8217;esistenza dei requisiti che la tradizione e l&#8217;antica saggezza popolare da tempo attribuiva a questo dono della natura e ottenuta la concessione mineraria nel 1970, fu realizzato lo stabilimento di imbottigliamento in prossimit\u00e0 del punto di captazione. Nel 1974 si affacciarono sul mercato le prime bottiglie di acqua oligominerale FONTE TVLLIA, naturale e frizzante da ml 920 e ml 460. In oltre quarant&#8217;anni di attivit\u00e0, l&#8217;azienda ha registrato una rilevante crescita della struttura produttiva. Nel 1979 la Societ\u00e0 avviava l&#8217;imbottigliamento di una propria linea di bibite analcoliche, prodotte con l&#8217;impiego della stessa acqua minerale. Nei primi anni ottanta fu installato un secondo impianto, per assicurare un incremento del volume produttivo dello stabilimento. Successivamente, nel 1986, alle due linee vetro si aggiungeva la linea PET. Oggi, l&#8217;azienda possiede uno stabilimento di 10.000 metri quadrati e quattro linee di imbottigliamento, due per contenitori in vetro e due per contenitori in PET. L\u2019acqua oligominerale FONTE TVLLIA, da tre generazioni, dalla natura alla vostra tavola.[\/vc_column_text][\/vc_column_inner][\/vc_row_inner][vc_empty_space height=&#8221;64&#8243;][vc_single_image image=&#8221;21897&#8243; img_size=&#8221;full&#8221; alignment=&#8221;center&#8221; qode_css_animation=&#8221;&#8221;][vc_empty_space][vc_row_inner row_type=&#8221;row&#8221; type=&#8221;full_width&#8221; use_row_as_full_screen_section_slide=&#8221;no&#8221; text_align=&#8221;left&#8221; css_animation=&#8221;&#8221;][vc_column_inner][vc_column_text]\u201c<em>Grazie a nonno Alceste per averci regalato un sogno. <\/em><em>Grazie al nostro Ingegnere perch\u00e8 quel sogno \u00e8 diventato realt\u00e0<\/em>!\u201d Emanuela e Laura guidano l\u2019azienda di famiglia e custodiscono con cura un tesoro che viene dal passato, ma che continua a vivere nel presente.[\/vc_column_text][\/vc_column_inner][\/vc_row_inner][vc_empty_space height=&#8221;64&#8243;][\/vc_column][vc_column width=&#8221;1\/6&#8243;][\/vc_column][\/vc_row]<\/p>\n","protected":false},"excerpt":{"rendered":"<p>[vc_row row_type=&#8221;row&#8221; use_row_as_full_screen_section=&#8221;no&#8221; type=&#8221;full_width&#8221; text_align=&#8221;left&#8221; background_animation=&#8221;none&#8221; css_animation=&#8221;&#8221; css=&#8221;.vc_custom_1566600584926{margin: 25px !important;}&#8221;][vc_column width=&#8221;1\/6&#8243;][\/vc_column][vc_column width=&#8221;4\/6&#8243;][vc_single_image image=&#8221;21669&#8243; img_size=&#8221;full&#8221; alignment=&#8221;center&#8221; qode_css_animation=&#8221;&#8221;][vc_empty_space height=&#8221;64&#8243;][vc_column_text] La nostra storia [\/vc_column_text][vc_empty_space][vc_row_inner row_type=&#8221;row&#8221; type=&#8221;full_width&#8221; use_row_as_full_screen_section_slide=&#8221;no&#8221; text_align=&#8221;left&#8221; css_animation=&#8221;&#8221;][vc_column_inner width=&#8221;1\/2&#8243;][vc_column_text]Ogni bottiglia di acqua oligominerale FONTE TVLLIA racchiude la storia di una antica sorgente e racconta la passione della&#8230;<\/p>\n","protected":false},"author":1,"featured_media":0,"parent":0,"menu_order":0,"comment_status":"open","ping_status":"open","template":"full_width.php","meta":{"footnotes":""},"_links":{"self":[{"href":"https:\/\/fontetullia.it\/index.php\/wp-json\/wp\/v2\/pages\/21666"}],"collection":[{"href":"https:\/\/fontetullia.it\/index.php\/wp-json\/wp\/v2\/pages"}],"about":[{"href":"https:\/\/fontetullia.it\/index.php\/wp-json\/wp\/v2\/types\/page"}],"author":[{"embeddable":true,"href":"https:\/\/fontetullia.it\/index.php\/wp-json\/wp\/v2\/users\/1"}],"replies":[{"embeddable":true,"href":"https:\/\/fontetullia.it\/index.php\/wp-json\/wp\/v2\/comments?post=21666"}],"version-history":[{"count":9,"href":"https:\/\/fontetullia.it\/index.php\/wp-json\/wp\/v2\/pages\/21666\/revisions"}],"predecessor-version":[{"id":21903,"href":"https:\/\/fontetullia.it\/index.php\/wp-json\/wp\/v2\/pages\/21666\/revisions\/21903"}],"wp:attachment":[{"href":"https:\/\/fontetullia.it\/index.php\/wp-json\/wp\/v2\/media?parent=21666"}],"curies":[{"name":"wp","href":"https:\/\/api.w.org\/{rel}","templated":true}]}}