{"id":21655,"date":"2019-08-24T14:24:51","date_gmt":"2019-08-24T14:24:51","guid":{"rendered":"http:\/\/34.67.11.62\/?page_id=21655"},"modified":"2019-11-28T14:41:24","modified_gmt":"2019-11-28T14:41:24","slug":"guida-alletichetta","status":"publish","type":"page","link":"https:\/\/fontetullia.it\/index.php\/guida-alletichetta\/","title":{"rendered":"Etichetta"},"content":{"rendered":"<p>[vc_row row_type=&#8221;row&#8221; use_row_as_full_screen_section=&#8221;no&#8221; type=&#8221;full_width&#8221; text_align=&#8221;left&#8221; background_animation=&#8221;none&#8221; css_animation=&#8221;&#8221; css=&#8221;.vc_custom_1566657207810{margin: 25px !important;}&#8221;][vc_column width=&#8221;1\/3&#8243;][vc_single_image image=&#8221;21873&#8243; img_size=&#8221;full&#8221; alignment=&#8221;center&#8221; qode_css_animation=&#8221;&#8221;][vc_empty_space][\/vc_column][vc_column width=&#8221;1\/3&#8243;][vc_single_image image=&#8221;21874&#8243; img_size=&#8221;full&#8221; alignment=&#8221;center&#8221; qode_css_animation=&#8221;&#8221;][vc_empty_space][\/vc_column][vc_column width=&#8221;1\/3&#8243;][vc_single_image image=&#8221;21875&#8243; img_size=&#8221;full&#8221; alignment=&#8221;center&#8221; qode_css_animation=&#8221;&#8221;][vc_empty_space][\/vc_column][\/vc_row][vc_row row_type=&#8221;row&#8221; use_row_as_full_screen_section=&#8221;no&#8221; type=&#8221;full_width&#8221; text_align=&#8221;left&#8221; background_animation=&#8221;none&#8221; css_animation=&#8221;&#8221; css=&#8221;.vc_custom_1566600584926{margin: 25px !important;}&#8221;][vc_column width=&#8221;1\/6&#8243;][\/vc_column][vc_column width=&#8221;4\/6&#8243;][vc_empty_space][vc_column_text]<\/p>\n<h1 style=\"text-align: center;\">Guida all&#8217;etichetta<\/h1>\n<p>[\/vc_column_text][vc_empty_space][vc_column_text]<b>L\u2019etichetta<\/b><\/p>\n<p><span style=\"font-weight: 400;\">Uno strumento indispensabile per un consumatore consapevole.<\/span><\/p>\n<p><span style=\"font-weight: 400;\">Leggiamola insieme.<\/span><\/p>\n<p>&nbsp;<\/p>\n<p><b>ACQUA MINERALE NATURALE\u00a0<\/b><\/p>\n<p><span style=\"font-weight: 400;\">Tale scritta compare su tutte le acque minerali in bottiglia, anche se effervescenti naturali o addizionate con anidride carbonica.<\/span><\/p>\n<p>&nbsp;<\/p>\n<p><b>FONTE TVLLIA<\/b><\/p>\n<p><span style=\"font-weight: 400;\">Nome commerciale\u00a0<\/span><\/p>\n<p>&nbsp;<\/p>\n<p><b>OLIGOMINERALE<\/b><\/p>\n<p><span style=\"font-weight: 400;\">Classe di appartenenza determinata dal valore del residuo fisso.<\/span><\/p>\n<p><span style=\"font-weight: 400;\">Il <\/span><i><span style=\"font-weight: 400;\">residuo fisso<\/span><\/i><span style=\"font-weight: 400;\"> indica la quantit\u00e0 di sali minerali disciolti in un litro d&#8217;acqua alla temperatura di 180\u00b0C. Questo valore permette di classificare le acque in: \u201cminimamente mineralizzate\u201d<\/span> <span style=\"font-weight: 400;\">(residuo fisso inferiore o uguale a 50<\/span> <span style=\"font-weight: 400;\">mg\/L), \u201coligominerali\u201d (residuo fisso maggiore di 50<\/span> <span style=\"font-weight: 400;\">e inferiore o uguale a 500<\/span> <span style=\"font-weight: 400;\">mg\/L), \u201cricche di sali minerali\u201d (residuo fisso superiore a 1500<\/span> <span style=\"font-weight: 400;\">mg\/L).\u00a0<\/span><\/p>\n<p><span style=\"font-weight: 400;\">La FONTE TVLLIA, con un residuo fisso pari a <\/span><b>239 mg\/L<\/b><span style=\"font-weight: 400;\">, \u00e8 un&#8217;acqua minerale chiaramente oligominerale.\u00a0<\/span><\/p>\n<p><span style=\"font-weight: 400;\">Le acque oligominerali si caratterizzano per la ridotta concentrazione di mineralizzatori, dalla presenza, in tracce, di metalli pesanti, oligominerali e quantit\u00e0 variabili di gas. In virt\u00f9 dei pochi sali minerali presenti e per il basso contenuto di Sodio, favoriscono la diuresi e sono indicate per le diete povere di sodio.<\/span><\/p>\n<p>&nbsp;<\/p>\n<p><b>NATURALE \u2013 LEGGERMENTE FRIZZANTE &#8211; FRIZZANTE<\/b><\/p>\n<p><span style=\"font-weight: 400;\">Se aggiunta di anidride carbonica<\/span><\/p>\n<p>&nbsp;<\/p>\n<p><b>SELLANO &#8211; UMBRIA<\/b><\/p>\n<p><span style=\"font-weight: 400;\">Origine e provenienza geografica della sorgente.<\/span><\/p>\n<p>&nbsp;<\/p>\n<p><b>ESAME CHIMICO E CHIMICO-FISICO<\/b><\/p>\n<p><span style=\"font-weight: 400;\">Vediamo insieme gli elementi caratterizzanti.<\/span><\/p>\n<p><b>pH<\/b><span style=\"font-weight: 400;\"> &#8211; Il <\/span><i><span style=\"font-weight: 400;\">pH<\/span><\/i><span style=\"font-weight: 400;\">, non \u00e8 altro che una scala di misura dell\u2019acidit\u00e0 o della basicit\u00e0 di una soluzione.<\/span><\/p>\n<p><span style=\"font-weight: 400;\">Il <\/span><i><span style=\"font-weight: 400;\">pH<\/span><\/i><span style=\"font-weight: 400;\"> solitamente assume valori compresi tra 0 (acido) 14 (basico). Al valore intermedio di 7 corrisponde la condizione di neutralit\u00e0, tipica dell&#8217;acqua pura a 25\u00a0\u00b0C.\u00a0<\/span><\/p>\n<p><span style=\"font-weight: 400;\">Generalmente, il <\/span><i><span style=\"font-weight: 400;\">pH<\/span><\/i><span style=\"font-weight: 400;\"> delle acque minerali naturali \u00e8 compreso tra 6,5 e 8,0; eventuali valori inferiori a 5,0 si possono riscontrare in specifiche acque di origine termale, destinate ad uso curativo.<\/span><\/p>\n<p><span style=\"font-weight: 400;\">La FONTE TVLLIA ha un <\/span><i><span style=\"font-weight: 400;\">pH<\/span><\/i><span style=\"font-weight: 400;\"> pari a 7,22, molto vicino, quindi, alla condizione di neutralit\u00e0.<\/span><\/p>\n<p><b>Sodio <\/b><span style=\"font-weight: 400;\">\u2013 L\u2019acqua FONTE TVLLIA,<\/span> <span style=\"font-weight: 400;\">presenta un ridotto contenuto di Sodio, pari a <\/span><b>3,5 mg\/L<\/b><span style=\"font-weight: 400;\">.<\/span><\/p>\n<p><b>Calcio e Magnesio <\/b><span style=\"font-weight: 400;\">&#8211; <\/span><b>i<\/b><span style=\"font-weight: 400;\">l quantitativo di calcio nella FONTE TVLLIA \u00e8 pari a 71 mg\/L, la percentuale di Magnesio, invece, \u00e8 8,7 mg\/L.<\/span><\/p>\n<p><b>Fluoruro <\/b><span style=\"font-weight: 400;\">&#8211; Sono considerate <\/span><i><span style=\"font-weight: 400;\">fluorate<\/span><\/i><span style=\"font-weight: 400;\"> le acque con tenore di fluoro maggiore a 1 mg\/L. L&#8217;acqua FONTE TVLLIA ha una concentrazione equilibrata di Fluoruri, pari a <\/span><b>0,56 mg\/L<\/b><span style=\"font-weight: 400;\">.<\/span><\/p>\n<p><b>Nitrato <\/b><span style=\"font-weight: 400;\">&#8211; la normativa vigente dispone il limite massimo 45mg\/L nelle ordinarie acque minerali e 10 mg\/L in quelle destinate all&#8217;infanzia.\u00a0<\/span><\/p>\n<p><span style=\"font-weight: 400;\">La FONTE TVLLIA \u00e8 un\u2019acqua minerale a bassissimo contenuto di Nitrati, la cui concentrazione \u00e8 inferiore a <\/span><b>0,1 mg\/L<\/b><span style=\"font-weight: 400;\">.<\/span><\/p>\n<p>&nbsp;<\/p>\n<p><b>MICROBIOLOGICAMENTE PURA<\/b><\/p>\n<p><span style=\"font-weight: 400;\">Vale a dire acqua priva di forme batteriche patogene.\u00a0<\/span><\/p>\n<p><span style=\"font-weight: 400;\">L\u2019acqua FONTE TVLLIA \u00e8 sottoposta a frequenti controlli che sottolineano l\u2019assenza di elementi indesiderati o di sostanze inquinanti, confermando, cos\u00ec, la purezza batteriologica e la sua costanza nel tempo.<\/span><\/p>\n<p>&nbsp;<\/p>\n<p><b>AUTORIZZAZIONE MINISTERIALE DI VENDITA<\/b><\/p>\n<p><span style=\"font-weight: 400;\">AUT. MIN. SAN. n.1797\/11-12-1978<\/span><\/p>\n<p><span style=\"font-weight: 400;\">D.P.G.R. UMBRIA n.333\/8-7-1991<\/span><\/p>\n<p>&nbsp;<\/p>\n<p><b>CONTENUTO\u00a0<\/b><\/p>\n<p><span style=\"font-weight: 400;\">Quantit\u00e0 nominale del prodotto. Tale indicazione \u00e8 obbligatoria e pu\u00f2 essere indifferentemente espressa in litri, decilitri, centilitri, centimetri cubici o millilitri.<\/span><\/p>\n<p>&nbsp;<\/p>\n<p><b>QUALIT\u00c0 SALIENTI<\/b><\/p>\n<p><span style=\"font-weight: 400;\">Tali propriet\u00e0 dipendono dalla presenza e dalla concentrazione dei diversi oligoelementi.<\/span><\/p>\n<p><span style=\"font-weight: 400;\">L\u2019inserimento di eventuali diciture in etichetta deve essere autorizzato dal Ministero della Salute sulla base di valutazioni chimiche e biologiche nonch\u00e9 su risultati clinici.<\/span><\/p>\n<p><span style=\"font-weight: 400;\">\u00a0&#8211; L\u2019acqua oligominerale FONTE TVLLIA pu\u00f2 avere effetti diuretici ed \u00e8 indicata per le diete povere di sodio<\/span><\/p>\n<p><span style=\"font-weight: 400;\">&#8211; <\/span><b>L\u2019allattamento al seno \u00e8 da preferire, nei casi ove ci\u00f2 non sia possibile, questa acqua minerale pu\u00f2 essere utilizzata per la preparazione degli alimenti dei lattanti<\/b><span style=\"font-weight: 400;\"> \u2013 Riconoscimento limitato alla FONTE TVLLIA naturale, senza aggiunta di anidride carbonica.\u00a0<\/span><\/p>\n<p>&nbsp;<\/p>\n<p><b>INDICAZIONE DEL PRODUTTORE E SEDE DELLO STABILIMENTO<\/b><\/p>\n<p><span style=\"font-weight: 400;\">TULI ACQUE MINERALI s.r.l. SEDE E STABILIMENTO 06030 \u2013 SELLANO \u2013 (Pg)<\/span><\/p>\n<p>&nbsp;<\/p>\n<p><b>LOTTO DI PRODUZIONE E TMC<\/b><\/p>\n<p><span style=\"font-weight: 400;\">Tali informazioni sono riportate sul tappo della bottiglia.<\/span><\/p>\n<p><span style=\"font-weight: 400;\">Per lotto di produzione si intende un insieme di unit\u00e0 dei vendita prodotte, fabbricate o confezionate in circostanze pressoch\u00e9 identiche.<\/span><\/p>\n<p><span style=\"font-weight: 400;\">Il Lotto dei prodotti FONTE TVLLIA \u00e8 preceduto dalla lettera \u201cL\u201d ed \u00e8 composto da un numero per l\u2019identificazione della tipologia di prodotto e da un codice alfanumerico, indicativo del giorno di produzione e dell\u2019impianto di produzione.<\/span><\/p>\n<p><span style=\"font-weight: 400;\">Il Termine minimo di conservazione, invece, non \u00e8 altro che la data fino alla quale il prodotto conserva le sue propriet\u00e0 specifiche in adeguate condizioni di conservazioni.<\/span><\/p>\n<p>&nbsp;<\/p>\n<p><b>CONSERVARE LONTANO DA FONTI DI CALORE E NON ESPORRE AI RAGGI SOLARI<\/b><\/p>\n<p><span style=\"font-weight: 400;\">Frase convenzionale di sicurezza codificata dall\u2019Unione Europea nella direttiva 88\/379\/CEE.<\/span><\/p>\n<p>&nbsp;<\/p>\n<p><b>NON DISPERDERE NELL\u2019AMBIENTE<\/b><\/p>\n<p><span style=\"font-weight: 400;\">Invito a non disperdere il contenitore dopo l\u2019uso. La scritta pu\u00f2 essere sostituita con il relativo pittogramma\u00a0<\/span><\/p>\n<p>&nbsp;<\/p>\n<p><b>CODICE A barre (CODICE EAN)<\/b><\/p>\n<p><span style=\"font-weight: 400;\">\u00c8 un\u2019indicazione numerica dei beni di largo consumo a livello europeo.<\/span><\/p>\n<p><span style=\"font-weight: 400;\">Il suo inserimento \u00e8 a discrezione del produttore.<\/span>[\/vc_column_text][vc_empty_space height=&#8221;64&#8243;][\/vc_column][vc_column width=&#8221;1\/6&#8243;][\/vc_column][\/vc_row]<\/p>\n","protected":false},"excerpt":{"rendered":"<p>[vc_row row_type=&#8221;row&#8221; use_row_as_full_screen_section=&#8221;no&#8221; type=&#8221;full_width&#8221; text_align=&#8221;left&#8221; background_animation=&#8221;none&#8221; css_animation=&#8221;&#8221; css=&#8221;.vc_custom_1566657207810{margin: 25px !important;}&#8221;][vc_column width=&#8221;1\/3&#8243;][vc_single_image image=&#8221;21873&#8243; img_size=&#8221;full&#8221; alignment=&#8221;center&#8221; qode_css_animation=&#8221;&#8221;][vc_empty_space][\/vc_column][vc_column width=&#8221;1\/3&#8243;][vc_single_image image=&#8221;21874&#8243; img_size=&#8221;full&#8221; alignment=&#8221;center&#8221; qode_css_animation=&#8221;&#8221;][vc_empty_space][\/vc_column][vc_column width=&#8221;1\/3&#8243;][vc_single_image image=&#8221;21875&#8243; img_size=&#8221;full&#8221; alignment=&#8221;center&#8221; qode_css_animation=&#8221;&#8221;][vc_empty_space][\/vc_column][\/vc_row][vc_row row_type=&#8221;row&#8221; use_row_as_full_screen_section=&#8221;no&#8221; type=&#8221;full_width&#8221; text_align=&#8221;left&#8221; background_animation=&#8221;none&#8221; css_animation=&#8221;&#8221; css=&#8221;.vc_custom_1566600584926{margin: 25px !important;}&#8221;][vc_column width=&#8221;1\/6&#8243;][\/vc_column][vc_column width=&#8221;4\/6&#8243;][vc_empty_space][vc_column_text] Guida all&#8217;etichetta [\/vc_column_text][vc_empty_space][vc_column_text]L\u2019etichetta Uno strumento indispensabile per un consumatore&#8230;<\/p>\n","protected":false},"author":1,"featured_media":0,"parent":0,"menu_order":0,"comment_status":"open","ping_status":"open","template":"full_width.php","meta":{"footnotes":""},"_links":{"self":[{"href":"https:\/\/fontetullia.it\/index.php\/wp-json\/wp\/v2\/pages\/21655"}],"collection":[{"href":"https:\/\/fontetullia.it\/index.php\/wp-json\/wp\/v2\/pages"}],"about":[{"href":"https:\/\/fontetullia.it\/index.php\/wp-json\/wp\/v2\/types\/page"}],"author":[{"embeddable":true,"href":"https:\/\/fontetullia.it\/index.php\/wp-json\/wp\/v2\/users\/1"}],"replies":[{"embeddable":true,"href":"https:\/\/fontetullia.it\/index.php\/wp-json\/wp\/v2\/comments?post=21655"}],"version-history":[{"count":10,"href":"https:\/\/fontetullia.it\/index.php\/wp-json\/wp\/v2\/pages\/21655\/revisions"}],"predecessor-version":[{"id":21877,"href":"https:\/\/fontetullia.it\/index.php\/wp-json\/wp\/v2\/pages\/21655\/revisions\/21877"}],"wp:attachment":[{"href":"https:\/\/fontetullia.it\/index.php\/wp-json\/wp\/v2\/media?parent=21655"}],"curies":[{"name":"wp","href":"https:\/\/api.w.org\/{rel}","templated":true}]}}